{"id":414,"date":"2023-03-13T01:14:08","date_gmt":"2023-03-13T00:14:08","guid":{"rendered":"https:\/\/sophiehorner.art\/?page_id=414"},"modified":"2024-10-14T17:12:14","modified_gmt":"2024-10-14T15:12:14","slug":"animation","status":"publish","type":"page","link":"https:\/\/sophiehorner.art\/?page_id=414","title":{"rendered":"animation"},"content":{"rendered":"<ul style=\"padding-top:0;padding-bottom:0;padding-left:0;padding-right:0;\" class=\"wp-block-latest-posts__list is-grid columns-3 wp-block-latest-posts\"><li><div class=\"wp-block-latest-posts__featured-image aligncenter\"><a href=\"https:\/\/sophiehorner.art\/?p=131\" aria-label=\"Architopie &#8211; teaser pour une expo\"><img loading=\"lazy\" decoding=\"async\" width=\"1024\" height=\"576\" src=\"https:\/\/sophiehorner.art\/wp-content\/uploads\/2022\/01\/play-1024x576.png\" class=\"attachment-large size-large wp-post-image\" alt=\"\" style=\"\" srcset=\"https:\/\/sophiehorner.art\/wp-content\/uploads\/2022\/01\/play-1024x576.png 1024w, https:\/\/sophiehorner.art\/wp-content\/uploads\/2022\/01\/play-300x169.png 300w, https:\/\/sophiehorner.art\/wp-content\/uploads\/2022\/01\/play-768x432.png 768w, https:\/\/sophiehorner.art\/wp-content\/uploads\/2022\/01\/play-1536x864.png 1536w, https:\/\/sophiehorner.art\/wp-content\/uploads\/2022\/01\/play.png 1920w\" sizes=\"auto, (max-width: 1024px) 100vw, 1024px\" \/><\/a><\/div><a class=\"wp-block-latest-posts__post-title\" href=\"https:\/\/sophiehorner.art\/?p=131\">Architopie &#8211; teaser pour une expo<\/a><div class=\"wp-block-latest-posts__post-excerpt\">Vid\u00e9o \u00ab\u00a0teaser\u00a0\u00bb r\u00e9alis\u00e9e en 3D avec Blender pour une expo fictive, textures des d\u00e9cors faites en aquarelle.<\/div><\/li>\n<li><div class=\"wp-block-latest-posts__featured-image aligncenter\"><a href=\"https:\/\/sophiehorner.art\/?p=114\" aria-label=\"\u00ab\u00a0le cheminement\u00a0\u00bb &#8211; court-m\u00e9trage \u00e0 venir\"><img loading=\"lazy\" decoding=\"async\" width=\"1024\" height=\"576\" src=\"https:\/\/sophiehorner.art\/wp-content\/uploads\/2022\/01\/2019-05-17-10_02_29--1024x576.png\" class=\"attachment-large size-large wp-post-image\" alt=\"\" style=\"\" srcset=\"https:\/\/sophiehorner.art\/wp-content\/uploads\/2022\/01\/2019-05-17-10_02_29--1024x576.png 1024w, https:\/\/sophiehorner.art\/wp-content\/uploads\/2022\/01\/2019-05-17-10_02_29--300x169.png 300w, https:\/\/sophiehorner.art\/wp-content\/uploads\/2022\/01\/2019-05-17-10_02_29--768x432.png 768w, https:\/\/sophiehorner.art\/wp-content\/uploads\/2022\/01\/2019-05-17-10_02_29--1536x864.png 1536w, https:\/\/sophiehorner.art\/wp-content\/uploads\/2022\/01\/2019-05-17-10_02_29-.png 1920w\" sizes=\"auto, (max-width: 1024px) 100vw, 1024px\" \/><\/a><\/div><a class=\"wp-block-latest-posts__post-title\" href=\"https:\/\/sophiehorner.art\/?p=114\">\u00ab\u00a0le cheminement\u00a0\u00bb &#8211; court-m\u00e9trage \u00e0 venir<\/a><div class=\"wp-block-latest-posts__post-excerpt\">Ce plan s\u00e9quence se veut aborder la th\u00e9matique de la r\u00e9silience, une fillette est perdue et doit surmonter tous les obstacles pour retrouver la sortie. Le film est encore inachev\u00e9, une voix off et un\u2026 <a class=\"wp-block-latest-posts__read-more\" href=\"https:\/\/sophiehorner.art\/?p=114\" rel=\"noopener noreferrer\">Lire la suite<span class=\"screen-reader-text\">\u00a0: \u00ab\u00a0le cheminement\u00a0\u00bb &#8211; court-m\u00e9trage \u00e0 venir<\/span><\/a><\/div><\/li>\n<li><div class=\"wp-block-latest-posts__featured-image aligncenter\"><a href=\"https:\/\/sophiehorner.art\/?p=34\" aria-label=\"\u00ab\u00a0Mascarade\u00a0\u00bb &#8211; mon court-m\u00e9trage de fin d&rsquo;\u00e9tudes\"><img loading=\"lazy\" decoding=\"async\" width=\"1024\" height=\"429\" src=\"https:\/\/sophiehorner.art\/wp-content\/uploads\/2021\/12\/0479-1024x429.png\" class=\"attachment-large size-large wp-post-image\" alt=\"\" style=\"\" srcset=\"https:\/\/sophiehorner.art\/wp-content\/uploads\/2021\/12\/0479-1024x429.png 1024w, https:\/\/sophiehorner.art\/wp-content\/uploads\/2021\/12\/0479-300x126.png 300w, https:\/\/sophiehorner.art\/wp-content\/uploads\/2021\/12\/0479-768x322.png 768w, https:\/\/sophiehorner.art\/wp-content\/uploads\/2021\/12\/0479-1536x644.png 1536w, https:\/\/sophiehorner.art\/wp-content\/uploads\/2021\/12\/0479.png 2048w\" sizes=\"auto, (max-width: 1024px) 100vw, 1024px\" \/><\/a><\/div><a class=\"wp-block-latest-posts__post-title\" href=\"https:\/\/sophiehorner.art\/?p=34\">\u00ab\u00a0Mascarade\u00a0\u00bb &#8211; mon court-m\u00e9trage de fin d&rsquo;\u00e9tudes<\/a><div class=\"wp-block-latest-posts__post-excerpt\">R\u00e9sum\u00e9 du film Un cin\u00e9aste se voit charg\u00e9 de cr\u00e9er l\u2019illusion pour sauver l\u2019image d\u2019un dictateur. Ce dernier veut prouver \u00e0 son peuple que la Terre est plate et organise \u00e0 cet effet le lancement\u2026 <a class=\"wp-block-latest-posts__read-more\" href=\"https:\/\/sophiehorner.art\/?p=34\" rel=\"noopener noreferrer\">Lire la suite<span class=\"screen-reader-text\">\u00a0: \u00ab\u00a0Mascarade\u00a0\u00bb &#8211; mon court-m\u00e9trage de fin d&rsquo;\u00e9tudes<\/span><\/a><\/div><\/li>\n<\/ul>\n\n\n<p><\/p>\n","protected":false},"excerpt":{"rendered":"","protected":false},"author":1,"featured_media":0,"parent":0,"menu_order":0,"comment_status":"closed","ping_status":"closed","template":"","meta":{"footnotes":""},"class_list":["post-414","page","type-page","status-publish","hentry"],"blocksy_meta":{"page_structure_type":"default","disable_featured_image":"no","content_style_source":"inherit","vertical_spacing_source":"inherit","content_area_spacing":"both","content_style":{"desktop":"wide","tablet":"wide","mobile":"wide","__changed":[]},"disable_header":"no","disable_footer":"no","disable_share_box":"no","styles_descriptor":{"styles":{"desktop":"","tablet":"","mobile":""},"google_fonts":[],"version":6}},"_links":{"self":[{"href":"https:\/\/sophiehorner.art\/index.php?rest_route=\/wp\/v2\/pages\/414","targetHints":{"allow":["GET"]}}],"collection":[{"href":"https:\/\/sophiehorner.art\/index.php?rest_route=\/wp\/v2\/pages"}],"about":[{"href":"https:\/\/sophiehorner.art\/index.php?rest_route=\/wp\/v2\/types\/page"}],"author":[{"embeddable":true,"href":"https:\/\/sophiehorner.art\/index.php?rest_route=\/wp\/v2\/users\/1"}],"replies":[{"embeddable":true,"href":"https:\/\/sophiehorner.art\/index.php?rest_route=%2Fwp%2Fv2%2Fcomments&post=414"}],"version-history":[{"count":1,"href":"https:\/\/sophiehorner.art\/index.php?rest_route=\/wp\/v2\/pages\/414\/revisions"}],"predecessor-version":[{"id":1205,"href":"https:\/\/sophiehorner.art\/index.php?rest_route=\/wp\/v2\/pages\/414\/revisions\/1205"}],"wp:attachment":[{"href":"https:\/\/sophiehorner.art\/index.php?rest_route=%2Fwp%2Fv2%2Fmedia&parent=414"}],"curies":[{"name":"wp","href":"https:\/\/api.w.org\/{rel}","templated":true}]}}